{"id":410,"date":"2021-04-28T17:37:34","date_gmt":"2021-04-28T17:37:34","guid":{"rendered":"https:\/\/ando-gloss.com\/?page_id=410"},"modified":"2021-04-28T17:40:43","modified_gmt":"2021-04-28T17:40:43","slug":"rechtliche-faktoren-b2b","status":"publish","type":"page","link":"https:\/\/ando-gloss.com\/?page_id=410","title":{"rendered":"Rechtliche Faktoren (B2B)"},"content":{"rendered":"\t\t<div data-elementor-type=\"wp-page\" data-elementor-id=\"410\" class=\"elementor elementor-410\" data-elementor-settings=\"[]\">\n\t\t\t\t\t\t<div class=\"elementor-inner\">\n\t\t\t\t\t\t\t<div class=\"elementor-section-wrap\">\n\t\t\t\t\t\t\t<section class=\"elementor-section elementor-top-section elementor-element elementor-element-47c11fe elementor-section-boxed elementor-section-height-default elementor-section-height-default\" data-id=\"47c11fe\" data-element_type=\"section\">\n\t\t\t\t\t\t<div class=\"elementor-container elementor-column-gap-default\">\n\t\t\t\t\t\t\t<div class=\"elementor-row\">\n\t\t\t\t\t<div class=\"aux-parallax-section elementor-column elementor-col-100 elementor-top-column elementor-element elementor-element-29d5f09\" data-id=\"29d5f09\" data-element_type=\"column\">\n\t\t\t<div class=\"elementor-column-wrap elementor-element-populated\">\n\t\t\t\t\t\t\t<div class=\"elementor-widget-wrap\">\n\t\t\t\t\t\t<section class=\"elementor-section elementor-inner-section elementor-element elementor-element-64e7881 elementor-section-boxed elementor-section-height-default elementor-section-height-default\" data-id=\"64e7881\" data-element_type=\"section\">\n\t\t\t\t\t\t<div class=\"elementor-container elementor-column-gap-default\">\n\t\t\t\t\t\t\t<div class=\"elementor-row\">\n\t\t\t\t\t<div class=\"aux-parallax-section elementor-column elementor-col-100 elementor-inner-column elementor-element elementor-element-963e8fb\" data-id=\"963e8fb\" data-element_type=\"column\">\n\t\t\t<div class=\"elementor-column-wrap elementor-element-populated\">\n\t\t\t\t\t\t\t<div class=\"elementor-widget-wrap\">\n\t\t\t\t\t\t<div class=\"elementor-element elementor-element-b50130c aux-appear-watch-animation aux-fade-in-up elementor-widget elementor-widget-aux_modern_heading\" data-id=\"b50130c\" data-element_type=\"widget\" data-widget_type=\"aux_modern_heading.default\">\n\t\t\t\t<div class=\"elementor-widget-container\">\n\t\t\t<section class=\"aux-widget-modern-heading\">\n            <div class=\"aux-widget-inner\"><h1 class=\"aux-modern-heading-primary\">ANDO GLOSS<\/h1><h3 class=\"aux-modern-heading-secondary\"><span class=\"aux-head-highlight\">Rechtliche Faktoren (B2B)<\/span><\/h3><div class=\"aux-modern-heading-divider\"><\/div><\/div>\n        <\/section>\t\t<\/div>\n\t\t\t\t<\/div>\n\t\t\t\t\t\t<\/div>\n\t\t\t\t\t<\/div>\n\t\t<\/div>\n\t\t\t\t\t\t\t\t<\/div>\n\t\t\t\t\t<\/div>\n\t\t<\/section>\n\t\t\t\t<section class=\"elementor-section elementor-inner-section elementor-element elementor-element-a4c6bb8 elementor-section-boxed elementor-section-height-default elementor-section-height-default\" data-id=\"a4c6bb8\" data-element_type=\"section\">\n\t\t\t\t\t\t<div class=\"elementor-container elementor-column-gap-default\">\n\t\t\t\t\t\t\t<div class=\"elementor-row\">\n\t\t\t\t\t<div class=\"aux-parallax-section elementor-column elementor-col-100 elementor-inner-column elementor-element elementor-element-18a94f5\" data-id=\"18a94f5\" data-element_type=\"column\">\n\t\t\t<div class=\"elementor-column-wrap elementor-element-populated\">\n\t\t\t\t\t\t\t<div class=\"elementor-widget-wrap\">\n\t\t\t\t\t\t<div class=\"elementor-element elementor-element-37cca70 elementor-widget elementor-widget-image\" data-id=\"37cca70\" data-element_type=\"widget\" data-widget_type=\"image.default\">\n\t\t\t\t<div class=\"elementor-widget-container\">\n\t\t\t\t\t<div class=\"elementor-image\">\n\t\t\t\t\t\t\t\t\t\t<img width=\"2205\" height=\"1276\" src=\"https:\/\/ando-gloss.com\/wp-content\/uploads\/2021\/04\/business-office-cooperation-teamwork-room-business-person-employee-handshake-business-meeting_t20_P018pR.jpeg\" class=\"attachment-full size-full\" alt=\"\" decoding=\"async\" loading=\"lazy\" srcset=\"https:\/\/ando-gloss.com\/wp-content\/uploads\/2021\/04\/business-office-cooperation-teamwork-room-business-person-employee-handshake-business-meeting_t20_P018pR.jpeg 2205w, https:\/\/ando-gloss.com\/wp-content\/uploads\/2021\/04\/business-office-cooperation-teamwork-room-business-person-employee-handshake-business-meeting_t20_P018pR-1536x889.jpeg 1536w, https:\/\/ando-gloss.com\/wp-content\/uploads\/2021\/04\/business-office-cooperation-teamwork-room-business-person-employee-handshake-business-meeting_t20_P018pR-2048x1185.jpeg 2048w\" sizes=\"(max-width: 2205px) 100vw, 2205px\" \/>\t\t\t\t\t\t\t\t\t\t\t<\/div>\n\t\t\t\t<\/div>\n\t\t\t\t<\/div>\n\t\t\t\t\t\t<\/div>\n\t\t\t\t\t<\/div>\n\t\t<\/div>\n\t\t\t\t\t\t\t\t<\/div>\n\t\t\t\t\t<\/div>\n\t\t<\/section>\n\t\t\t\t\t\t<\/div>\n\t\t\t\t\t<\/div>\n\t\t<\/div>\n\t\t\t\t\t\t\t\t<\/div>\n\t\t\t\t\t<\/div>\n\t\t<\/section>\n\t\t\t\t<section class=\"elementor-section elementor-top-section elementor-element elementor-element-2cae40e elementor-section-boxed elementor-section-height-default elementor-section-height-default\" data-id=\"2cae40e\" data-element_type=\"section\">\n\t\t\t\t\t\t<div class=\"elementor-container elementor-column-gap-default\">\n\t\t\t\t\t\t\t<div class=\"elementor-row\">\n\t\t\t\t\t<div class=\"aux-parallax-section elementor-column elementor-col-100 elementor-top-column elementor-element elementor-element-f2b8caa\" data-id=\"f2b8caa\" data-element_type=\"column\">\n\t\t\t<div class=\"elementor-column-wrap elementor-element-populated\">\n\t\t\t\t\t\t\t<div class=\"elementor-widget-wrap\">\n\t\t\t\t\t\t<div class=\"elementor-element elementor-element-69e3206 elementor-widget elementor-widget-text-editor\" data-id=\"69e3206\" data-element_type=\"widget\" data-widget_type=\"text-editor.default\">\n\t\t\t\t<div class=\"elementor-widget-container\">\n\t\t\t\t\t<div class=\"elementor-text-editor elementor-clearfix\"><p><span style=\"font-weight: 400;\">&#8211; Unsere Vorteile: Das Insolvenzrisiko ausl\u00e4ndischer Mitglieder weitet sich nicht mehr unmittelbar auf innerstaatliche Kunden aus. Ein immer pr\u00e4sentes Beispiel liefert der W\u00e4hrungsfall. Dies ist eines der Risiken, die sie k\u00fcnftig begrenzen k\u00f6nnen. Denn die Abwicklung aller Modalit\u00e4ten findet ausschlie\u00dflich auf Grundlage der deutschen Gesetzgebung statt; Damit vermeiden Sie sowohl un\u00fcberschaubare, aufgrund internationaler Gesetze entstehende Rechtsfragen als auch stets bestehende Sprachbarrieren.\u00a0<\/span><\/p><p><span style=\"font-weight: 400;\">&#8211; Dies erm\u00f6glicht Ihnen einen gro\u00dfen Vorteil gegen\u00fcber Ihrer Konkurrenz: Sie sch\u00f6pfen nicht nur neue Kontakte au\u00dferhalb der EU-Grenzen, sondern erlangen schnellere Reaktion auf globale Gesetzes\u00e4nderungen.\u00a0<\/span><\/p><p><span style=\"font-weight: 400;\">&#8211; Dies sind die wesentlichen Unterschiede, die uns von herk\u00f6mmlichen Zwischenh\u00e4ndlern abgrenzt und uns eine individuelle Unternehmensphilosophie, die \u00fcber einen einfachen Zwischenschritt in einer Handelskette zu bilden, hinausgeht;\u00a0<\/span><\/p><p><span style=\"font-weight: 400;\">&#8211; Damit erm\u00f6glichen wir einen direkten Ansprechpartner ohne l\u00e4stige Zwischenschritte und bieten Ihnen deshalb die Sicherheit immer eines in Deutschland ans\u00e4ssigen Partners, trotz neuer Erweiterungsm\u00f6glichkeiten in den GUS Staaten.\u00a0<\/span><\/p><p><span style=\"font-weight: 400;\">&#8211; Ganz klare Ersparnisse: Exportkosten, Vermittlerkosten bei \u00fcblichem Zwischenhandel, Betriebskostenersparnis und vieles mehr.\u00a0<\/span><\/p><p><span style=\"font-weight: 400;\">&#8211; Kenntnis u.a. russischer Normen; Vorteile bei Bewerkstelligen von Sanktionen und auftretenden Problemen politischer Auseinandersetzungen. (**** Support)\u00a0<\/span><\/p><p><span style=\"font-weight: 400;\">&#8211; Ob Ihr Produkt sich erfolgreich und dauerhaft am Markt etabliert, h\u00e4ngt nicht ausschlie\u00dflich von dessen Preis und Qualit\u00e4t ab. Der Erfolg ist auch wesentlich davon gepr\u00e4gt, welchen Vertriebsweg Sie w\u00e4hlen. Ein indirekter Absatzweg, um das Angebot m\u00f6glichst vielen Kunden zug\u00e4nglich zu machen, ist stets mit hohen Kosten verbunden. Durch unser Unternehmen k\u00f6nnen Sie die mit einer Distributionspolitik verbundenen Kosten minimieren.\u00a0<\/span><\/p><p><span style=\"font-weight: 400;\">&#8211; Es gehen Ihnen und der Industrie oftmals kostenintensive Zeit verloren. Auf politische Sanktionen kann oftmals viel zu sp\u00e4t reagiert werden.<\/span><\/p><p><span style=\"font-weight: 400;\">\u00a0&#8211; gro\u00dfe geografische Streuung der Kunden\u00a0<\/span><\/p><p><span style=\"font-weight: 400;\">&#8211; Wir bieten Ihnen also keinen g\u00e4ngigen Zwischenhandel an (nur einen gew\u00f6hnlichen indirekten Absatzweg) sondern eine neue Art des Vertriebswegs mit geringeren Kosten, Aufwand und Risiko!\u00a0<\/span><\/p><p><span style=\"font-weight: 400;\">&#8211; h\u00e4ufiger Bedarfsanfall\u00a0<\/span><\/p><p><span style=\"font-weight: 400;\">&#8211; Erschlie\u00dfung einer hohen Marktbreite\u00a0<\/span><\/p><\/div>\n\t\t\t\t<\/div>\n\t\t\t\t<\/div>\n\t\t\t\t<section class=\"elementor-section elementor-inner-section elementor-element elementor-element-3e9a91c elementor-section-boxed elementor-section-height-default elementor-section-height-default\" data-id=\"3e9a91c\" data-element_type=\"section\">\n\t\t\t\t\t\t<div class=\"elementor-container elementor-column-gap-default\">\n\t\t\t\t\t\t\t<div class=\"elementor-row\">\n\t\t\t\t\t<div class=\"aux-parallax-section elementor-column elementor-col-33 elementor-inner-column elementor-element elementor-element-c9434a0\" data-id=\"c9434a0\" data-element_type=\"column\">\n\t\t\t<div class=\"elementor-column-wrap elementor-element-populated\">\n\t\t\t\t\t\t\t<div class=\"elementor-widget-wrap\">\n\t\t\t\t\t\t<div class=\"elementor-element elementor-element-11e0bd3 elementor-widget elementor-widget-image\" data-id=\"11e0bd3\" data-element_type=\"widget\" data-widget_type=\"image.default\">\n\t\t\t\t<div class=\"elementor-widget-container\">\n\t\t\t\t\t<div class=\"elementor-image\">\n\t\t\t\t\t\t\t\t\t\t<img width=\"566\" height=\"307\" src=\"https:\/\/ando-gloss.com\/wp-content\/uploads\/2021\/04\/Screenshot_1.png\" class=\"attachment-large size-large\" alt=\"\" decoding=\"async\" loading=\"lazy\" \/>\t\t\t\t\t\t\t\t\t\t\t<\/div>\n\t\t\t\t<\/div>\n\t\t\t\t<\/div>\n\t\t\t\t\t\t<\/div>\n\t\t\t\t\t<\/div>\n\t\t<\/div>\n\t\t\t\t<div class=\"aux-parallax-section elementor-column elementor-col-33 elementor-inner-column elementor-element elementor-element-13d18fc\" data-id=\"13d18fc\" data-element_type=\"column\">\n\t\t\t<div class=\"elementor-column-wrap elementor-element-populated\">\n\t\t\t\t\t\t\t<div class=\"elementor-widget-wrap\">\n\t\t\t\t\t\t<div class=\"elementor-element elementor-element-deeeed9 elementor-widget elementor-widget-image\" data-id=\"deeeed9\" data-element_type=\"widget\" data-widget_type=\"image.default\">\n\t\t\t\t<div class=\"elementor-widget-container\">\n\t\t\t\t\t<div class=\"elementor-image\">\n\t\t\t\t\t\t\t\t\t\t<img width=\"992\" height=\"680\" src=\"https:\/\/ando-gloss.com\/wp-content\/uploads\/2021\/04\/\u0421\u043d\u0438\u043c\u043e\u043a-\u044d\u043a\u0440\u0430\u043d\u0430-2021-04-07-\u0432-12.23.05.png\" class=\"attachment-full size-full\" alt=\"\" decoding=\"async\" loading=\"lazy\" \/>\t\t\t\t\t\t\t\t\t\t\t<\/div>\n\t\t\t\t<\/div>\n\t\t\t\t<\/div>\n\t\t\t\t\t\t<\/div>\n\t\t\t\t\t<\/div>\n\t\t<\/div>\n\t\t\t\t<div class=\"aux-parallax-section elementor-column elementor-col-33 elementor-inner-column elementor-element elementor-element-8183566\" data-id=\"8183566\" data-element_type=\"column\">\n\t\t\t<div class=\"elementor-column-wrap elementor-element-populated\">\n\t\t\t\t\t\t\t<div class=\"elementor-widget-wrap\">\n\t\t\t\t\t\t<div class=\"elementor-element elementor-element-cdff5c0 elementor-widget elementor-widget-image\" data-id=\"cdff5c0\" data-element_type=\"widget\" data-widget_type=\"image.default\">\n\t\t\t\t<div class=\"elementor-widget-container\">\n\t\t\t\t\t<div class=\"elementor-image\">\n\t\t\t\t\t\t\t\t\t\t<img width=\"1600\" height=\"1035\" src=\"https:\/\/ando-gloss.com\/wp-content\/uploads\/2021\/04\/WhatsApp-Image-2021-02-18-at-15.25.54.jpeg\" class=\"attachment-full size-full\" alt=\"\" decoding=\"async\" loading=\"lazy\" srcset=\"https:\/\/ando-gloss.com\/wp-content\/uploads\/2021\/04\/WhatsApp-Image-2021-02-18-at-15.25.54.jpeg 1600w, https:\/\/ando-gloss.com\/wp-content\/uploads\/2021\/04\/WhatsApp-Image-2021-02-18-at-15.25.54-1536x994.jpeg 1536w, https:\/\/ando-gloss.com\/wp-content\/uploads\/2021\/04\/WhatsApp-Image-2021-02-18-at-15.25.54-280x180.jpeg 280w\" sizes=\"(max-width: 1600px) 100vw, 1600px\" \/>\t\t\t\t\t\t\t\t\t\t\t<\/div>\n\t\t\t\t<\/div>\n\t\t\t\t<\/div>\n\t\t\t\t\t\t<\/div>\n\t\t\t\t\t<\/div>\n\t\t<\/div>\n\t\t\t\t\t\t\t\t<\/div>\n\t\t\t\t\t<\/div>\n\t\t<\/section>\n\t\t\t\t\t\t<\/div>\n\t\t\t\t\t<\/div>\n\t\t<\/div>\n\t\t\t\t\t\t\t\t<\/div>\n\t\t\t\t\t<\/div>\n\t\t<\/section>\n\t\t\t\t<section class=\"elementor-section elementor-top-section elementor-element elementor-element-86eddf1 elementor-section-boxed elementor-section-height-default elementor-section-height-default\" data-id=\"86eddf1\" data-element_type=\"section\">\n\t\t\t\t\t\t<div class=\"elementor-container elementor-column-gap-default\">\n\t\t\t\t\t\t\t<div class=\"elementor-row\">\n\t\t\t\t\t<div class=\"aux-parallax-section elementor-column elementor-col-100 elementor-top-column elementor-element elementor-element-46ed4e2\" data-id=\"46ed4e2\" data-element_type=\"column\">\n\t\t\t<div class=\"elementor-column-wrap elementor-element-populated\">\n\t\t\t\t\t\t\t<div class=\"elementor-widget-wrap\">\n\t\t\t\t\t\t<div class=\"elementor-element elementor-element-d5645aa elementor-widget elementor-widget-text-editor\" data-id=\"d5645aa\" data-element_type=\"widget\" data-widget_type=\"text-editor.default\">\n\t\t\t\t<div class=\"elementor-widget-container\">\n\t\t\t\t\t<div class=\"elementor-text-editor elementor-clearfix\"><ul><li><span style=\"font-weight: 400;\"> Wegen fehlendem Kontakt zum Endverbraucher werden Marktver\u00e4nderungen wom\u00f6glich zu sp\u00e4t erkannt -&gt; NEIN! Wir dolmetschen und lassen unsere Kunden auch in Kontakt treten! Oft besuchen uns die russischen Mitglieder und m\u00f6chten genau das, den Kontakt zu den Firmen!\u00a0<\/span><\/li><li><span style=\"font-weight: 400;\"> Distributionskosten verringern sich f\u00fcr den Hersteller, daf\u00fcr sinkt seine Gewinnspanne; Unmittelbare Kontrolle \u00fcber Darbietung der Produkte gegen\u00fcber den Endkunden geht verloren: Nein!!! Wir fragen nach einem unverbindlichen Angebot. Erst wenn beide Parteien einvernehmlich mit dem Angebot zufrieden sind, kommt es \u00fcberhaupt zu einer Abnahme!\u00a0<\/span><\/li><\/ul><ul><li><span style=\"font-weight: 400;\"> Abh\u00e4ngigkeit vom Gro\u00dfhandel kann entstehen. Nein!!! Wir arbeiten nur mit ausgew\u00e4hlten Kunden. Scheuen Sie deshalb nicht uns zu kontaktieren. Auf alle Fragen gehen wir pers\u00f6nlich ein und erstellen Ihnen einen individuellen Vertriebsweg.\u00a0<\/span><\/li><\/ul><ul><li><span style=\"font-weight: 400;\"> End-User-Zertifikat: Beinhaltet die Bescheinigung, dass der Endverwender das Produkt nur innerhalb des eigenen Werkes ver- und gebraucht.\u00a0<\/span><\/li><li><span style=\"font-weight: 400;\"> Deshalb keine undurchsichtigen Zwischenschritte\u00a0<\/span><\/li><li><span style=\"font-weight: 400;\"> Wenn Vertretung vor Ort: P , dass der Kunde einen direkten Handel mit dem Endkunden w\u00fcnscht; Die Vertreter vor Ort haben oftmals eine andere Unternehmensphilosophie als hier zu Lande, was nicht den W\u00fcnschen unserer Kunden entspricht.\u00a0<\/span><\/li><li><span style=\"font-weight: 400;\"> -&gt; Nein wir stellen die Ger\u00e4te direkt zu den Industrien. Dh. keine weiteren Zwischenschritte; Wir bescheinigen auch, dass nur der Endverwender das Produkt geliefert bekommt, und wer und dass jenes nur innerhalb des eigenen Werkes ver- und gebraucht.\u00a0<\/span><\/li><li><span style=\"font-weight: 400;\"> Wir wickeln den Export und Zollkosten f\u00fcr den Endkunden ab<\/span><\/li><\/ul><\/div>\n\t\t\t\t<\/div>\n\t\t\t\t<\/div>\n\t\t\t\t\t\t<\/div>\n\t\t\t\t\t<\/div>\n\t\t<\/div>\n\t\t\t\t\t\t\t\t<\/div>\n\t\t\t\t\t<\/div>\n\t\t<\/section>\n\t\t\t\t\t\t<\/div>\n\t\t\t\t\t\t<\/div>\n\t\t\t\t\t<\/div>\n\t\t","protected":false},"excerpt":{"rendered":"<p>ANDO GLOSS Rechtliche Faktoren (B2B) &#8211; Unsere Vorteile: Das Insolvenzrisiko ausl\u00e4ndischer Mitglieder weitet sich nicht mehr unmittelbar auf innerstaatliche Kunden aus. Ein immer pr\u00e4sentes Beispiel liefert der W\u00e4hrungsfall. Dies ist eines der Risiken, die sie k\u00fcnftig begrenzen k\u00f6nnen. Denn die Abwicklung aller Modalit\u00e4ten findet ausschlie\u00dflich auf Grundlage der deutschen Gesetzgebung statt; Damit vermeiden Sie sowohl [&hellip;]<\/p>\n","protected":false},"author":1,"featured_media":0,"parent":0,"menu_order":0,"comment_status":"closed","ping_status":"closed","template":"","meta":[],"_links":{"self":[{"href":"https:\/\/ando-gloss.com\/index.php?rest_route=\/wp\/v2\/pages\/410"}],"collection":[{"href":"https:\/\/ando-gloss.com\/index.php?rest_route=\/wp\/v2\/pages"}],"about":[{"href":"https:\/\/ando-gloss.com\/index.php?rest_route=\/wp\/v2\/types\/page"}],"author":[{"embeddable":true,"href":"https:\/\/ando-gloss.com\/index.php?rest_route=\/wp\/v2\/users\/1"}],"replies":[{"embeddable":true,"href":"https:\/\/ando-gloss.com\/index.php?rest_route=%2Fwp%2Fv2%2Fcomments&post=410"}],"version-history":[{"count":10,"href":"https:\/\/ando-gloss.com\/index.php?rest_route=\/wp\/v2\/pages\/410\/revisions"}],"predecessor-version":[{"id":420,"href":"https:\/\/ando-gloss.com\/index.php?rest_route=\/wp\/v2\/pages\/410\/revisions\/420"}],"wp:attachment":[{"href":"https:\/\/ando-gloss.com\/index.php?rest_route=%2Fwp%2Fv2%2Fmedia&parent=410"}],"curies":[{"name":"wp","href":"https:\/\/api.w.org\/{rel}","templated":true}]}}