{"id":394,"date":"2021-04-28T17:33:53","date_gmt":"2021-04-28T17:33:53","guid":{"rendered":"https:\/\/ando-gloss.com\/?page_id=394"},"modified":"2022-03-09T17:58:35","modified_gmt":"2022-03-09T17:58:35","slug":"metallurgie","status":"publish","type":"page","link":"https:\/\/ando-gloss.com\/?page_id=394","title":{"rendered":"Metallurgie"},"content":{"rendered":"\t\t<div data-elementor-type=\"wp-page\" data-elementor-id=\"394\" class=\"elementor elementor-394\" data-elementor-settings=\"[]\">\n\t\t\t\t\t\t<div class=\"elementor-inner\">\n\t\t\t\t\t\t\t<div class=\"elementor-section-wrap\">\n\t\t\t\t\t\t\t<section class=\"elementor-section elementor-top-section elementor-element elementor-element-47c11fe elementor-section-boxed elementor-section-height-default elementor-section-height-default\" data-id=\"47c11fe\" data-element_type=\"section\">\n\t\t\t\t\t\t<div class=\"elementor-container elementor-column-gap-default\">\n\t\t\t\t\t\t\t<div class=\"elementor-row\">\n\t\t\t\t\t<div class=\"aux-parallax-section elementor-column elementor-col-100 elementor-top-column elementor-element elementor-element-29d5f09\" data-id=\"29d5f09\" data-element_type=\"column\">\n\t\t\t<div class=\"elementor-column-wrap elementor-element-populated\">\n\t\t\t\t\t\t\t<div class=\"elementor-widget-wrap\">\n\t\t\t\t\t\t<section class=\"elementor-section elementor-inner-section elementor-element elementor-element-64e7881 elementor-section-boxed elementor-section-height-default elementor-section-height-default\" data-id=\"64e7881\" data-element_type=\"section\">\n\t\t\t\t\t\t<div class=\"elementor-container elementor-column-gap-default\">\n\t\t\t\t\t\t\t<div class=\"elementor-row\">\n\t\t\t\t\t<div class=\"aux-parallax-section elementor-column elementor-col-100 elementor-inner-column elementor-element elementor-element-963e8fb\" data-id=\"963e8fb\" data-element_type=\"column\">\n\t\t\t<div class=\"elementor-column-wrap elementor-element-populated\">\n\t\t\t\t\t\t\t<div class=\"elementor-widget-wrap\">\n\t\t\t\t\t\t<div class=\"elementor-element elementor-element-b50130c aux-appear-watch-animation aux-fade-in-up elementor-widget elementor-widget-aux_modern_heading\" data-id=\"b50130c\" data-element_type=\"widget\" data-widget_type=\"aux_modern_heading.default\">\n\t\t\t\t<div class=\"elementor-widget-container\">\n\t\t\t<section class=\"aux-widget-modern-heading\">\n            <div class=\"aux-widget-inner\"><h1 class=\"aux-modern-heading-primary\">ANDO GLOSS<\/h1><h3 class=\"aux-modern-heading-secondary\"><span class=\"aux-head-highlight\">Metallurgie<\/span><\/h3><div class=\"aux-modern-heading-divider\"><\/div><\/div>\n        <\/section>\t\t<\/div>\n\t\t\t\t<\/div>\n\t\t\t\t\t\t<\/div>\n\t\t\t\t\t<\/div>\n\t\t<\/div>\n\t\t\t\t\t\t\t\t<\/div>\n\t\t\t\t\t<\/div>\n\t\t<\/section>\n\t\t\t\t<section class=\"elementor-section elementor-inner-section elementor-element elementor-element-a4c6bb8 elementor-section-boxed elementor-section-height-default elementor-section-height-default\" data-id=\"a4c6bb8\" data-element_type=\"section\">\n\t\t\t\t\t\t<div class=\"elementor-container elementor-column-gap-default\">\n\t\t\t\t\t\t\t<div class=\"elementor-row\">\n\t\t\t\t\t<div class=\"aux-parallax-section elementor-column elementor-col-50 elementor-inner-column elementor-element elementor-element-18a94f5\" data-id=\"18a94f5\" data-element_type=\"column\">\n\t\t\t<div class=\"elementor-column-wrap elementor-element-populated\">\n\t\t\t\t\t\t\t<div class=\"elementor-widget-wrap\">\n\t\t\t\t\t\t<div class=\"elementor-element elementor-element-69e3206 elementor-widget elementor-widget-text-editor\" data-id=\"69e3206\" data-element_type=\"widget\" data-widget_type=\"text-editor.default\">\n\t\t\t\t<div class=\"elementor-widget-container\">\n\t\t\t\t\t<div class=\"elementor-text-editor elementor-clearfix\">Unsere langj\u00e4hrigen Beziehungen nach Osteuropa, zu dem\nStaatenb\u00fcndnis GUS sowie auch der Ukraine machen uns zu\neinem f\u00fchrenden Anbieter f\u00fcr Grundrohstoffe. Die\ntechnologisierte Produktion unser Partnerherstellern\nerm\u00f6glicht uns rohe Titanprodukte anzubieten, die mit der\nTechnologie des Vakuum-Elektronenstrahlschmelzens aus\neinem Titanschwamm hergestellt werden.\n<br><br>Die enge Zusammenarbeit mit den Herstellern erm\u00f6glicht uns\nein umfangreiches und individualisierbares Sortiment von\nTitanprodukte, Titanlegierungsprodukte und Titanhalbzeuge\nin allen Formen und Gr\u00f6\u00dfen nach Ihren bereitgestellten\ntechnischen Spezifikationen anbieten. Dazu geh\u00f6ren ebenso\nTitanbarren, Schmiedeteilen, Stangen und Platten in den\nKlassen 2 und5gem\u00e4\u00df ASTM-Standard.\n<br><br>Dar\u00fcber hinaus k\u00f6nnen wir Ihre speziellen Anforderungen\npr\u00fcfen und die Produktion ma\u00dfgeschneiderten\nTitanlegierungen gem\u00e4\u00df Ihrer technischen Spezifikation\n(einschlie\u00dflich mechanischer Verarbeitung im zweiten und\ndritten Schritt-z. B. Fr\u00e4sen, Beschichten usw.) entwickeln\nlassen.<\/div>\n\t\t\t\t<\/div>\n\t\t\t\t<\/div>\n\t\t\t\t<div class=\"elementor-element elementor-element-c4bf91d aux-appear-watch-animation aux-fade-in-up elementor-widget elementor-widget-aux_button\" data-id=\"c4bf91d\" data-element_type=\"widget\" data-widget_type=\"aux_button.default\">\n\t\t\t\t<div class=\"elementor-widget-container\">\n\t\t\t<a  href=\"https:\/\/ando-gloss.com\/wp-content\/uploads\/2021\/09\/\u041f\u0440\u043e\u0434\u0443\u043a\u0446\u0438\u044f-\u0442\u0438\u0442\u0430\u043d-deu-05.06.2021.pdf\" target=\"_self\"   class=\"aux-button aux-large aux-curios-blue aux-none aux-uppercase aux-icon-right\" ><span class=\"aux-overlay\"><\/span><span class=\"aux-text\">Titan (Bewertung) PDF<\/span><\/a>\t\t<\/div>\n\t\t\t\t<\/div>\n\t\t\t\t\t\t<\/div>\n\t\t\t\t\t<\/div>\n\t\t<\/div>\n\t\t\t\t<div class=\"aux-parallax-section elementor-column elementor-col-50 elementor-inner-column elementor-element elementor-element-34cdef1\" data-id=\"34cdef1\" data-element_type=\"column\">\n\t\t\t<div class=\"elementor-column-wrap elementor-element-populated\">\n\t\t\t\t\t\t\t<div class=\"elementor-widget-wrap\">\n\t\t\t\t\t\t<div class=\"elementor-element elementor-element-7259df5 elementor-widget elementor-widget-image\" data-id=\"7259df5\" data-element_type=\"widget\" data-widget_type=\"image.default\">\n\t\t\t\t<div class=\"elementor-widget-container\">\n\t\t\t\t\t<div class=\"elementor-image\">\n\t\t\t\t\t\t\t\t\t\t<img width=\"1000\" height=\"1000\" src=\"https:\/\/ando-gloss.com\/wp-content\/uploads\/2021\/04\/TITAN.jpg\" class=\"attachment-full size-full\" alt=\"\" decoding=\"async\" loading=\"lazy\" srcset=\"https:\/\/ando-gloss.com\/wp-content\/uploads\/2021\/04\/TITAN.jpg 1000w, https:\/\/ando-gloss.com\/wp-content\/uploads\/2021\/04\/TITAN-300x300.jpg 300w, https:\/\/ando-gloss.com\/wp-content\/uploads\/2021\/04\/TITAN-150x150.jpg 150w, https:\/\/ando-gloss.com\/wp-content\/uploads\/2021\/04\/TITAN-768x768.jpg 768w\" sizes=\"(max-width: 1000px) 100vw, 1000px\" \/>\t\t\t\t\t\t\t\t\t\t\t<\/div>\n\t\t\t\t<\/div>\n\t\t\t\t<\/div>\n\t\t\t\t\t\t<\/div>\n\t\t\t\t\t<\/div>\n\t\t<\/div>\n\t\t\t\t\t\t\t\t<\/div>\n\t\t\t\t\t<\/div>\n\t\t<\/section>\n\t\t\t\t\t\t<\/div>\n\t\t\t\t\t<\/div>\n\t\t<\/div>\n\t\t\t\t\t\t\t\t<\/div>\n\t\t\t\t\t<\/div>\n\t\t<\/section>\n\t\t\t\t\t\t<\/div>\n\t\t\t\t\t\t<\/div>\n\t\t\t\t\t<\/div>\n\t\t","protected":false},"excerpt":{"rendered":"<p>ANDO GLOSS Metallurgie Unsere langj\u00e4hrigen Beziehungen nach Osteuropa, zu dem Staatenb\u00fcndnis GUS sowie auch der Ukraine machen uns zu einem f\u00fchrenden Anbieter f\u00fcr Grundrohstoffe. Die technologisierte Produktion unser Partnerherstellern erm\u00f6glicht uns rohe Titanprodukte anzubieten, die mit der Technologie des Vakuum-Elektronenstrahlschmelzens aus einem Titanschwamm hergestellt werden. Die enge Zusammenarbeit mit den Herstellern erm\u00f6glicht uns ein umfangreiches [&hellip;]<\/p>\n","protected":false},"author":1,"featured_media":0,"parent":0,"menu_order":0,"comment_status":"closed","ping_status":"closed","template":"","meta":[],"_links":{"self":[{"href":"https:\/\/ando-gloss.com\/index.php?rest_route=\/wp\/v2\/pages\/394"}],"collection":[{"href":"https:\/\/ando-gloss.com\/index.php?rest_route=\/wp\/v2\/pages"}],"about":[{"href":"https:\/\/ando-gloss.com\/index.php?rest_route=\/wp\/v2\/types\/page"}],"author":[{"embeddable":true,"href":"https:\/\/ando-gloss.com\/index.php?rest_route=\/wp\/v2\/users\/1"}],"replies":[{"embeddable":true,"href":"https:\/\/ando-gloss.com\/index.php?rest_route=%2Fwp%2Fv2%2Fcomments&post=394"}],"version-history":[{"count":25,"href":"https:\/\/ando-gloss.com\/index.php?rest_route=\/wp\/v2\/pages\/394\/revisions"}],"predecessor-version":[{"id":649,"href":"https:\/\/ando-gloss.com\/index.php?rest_route=\/wp\/v2\/pages\/394\/revisions\/649"}],"wp:attachment":[{"href":"https:\/\/ando-gloss.com\/index.php?rest_route=%2Fwp%2Fv2%2Fmedia&parent=394"}],"curies":[{"name":"wp","href":"https:\/\/api.w.org\/{rel}","templated":true}]}}