{"id":386,"date":"2021-04-28T17:30:08","date_gmt":"2021-04-28T17:30:08","guid":{"rendered":"https:\/\/ando-gloss.com\/?page_id=386"},"modified":"2022-04-05T13:27:43","modified_gmt":"2022-04-05T13:27:43","slug":"industrieanlagen","status":"publish","type":"page","link":"https:\/\/ando-gloss.com\/?page_id=386","title":{"rendered":"Industrieanlagen"},"content":{"rendered":"\t\t<div data-elementor-type=\"wp-page\" data-elementor-id=\"386\" class=\"elementor elementor-386\" data-elementor-settings=\"[]\">\n\t\t\t\t\t\t<div class=\"elementor-inner\">\n\t\t\t\t\t\t\t<div class=\"elementor-section-wrap\">\n\t\t\t\t\t\t\t<section class=\"elementor-section elementor-top-section elementor-element elementor-element-47c11fe elementor-section-boxed elementor-section-height-default elementor-section-height-default\" data-id=\"47c11fe\" data-element_type=\"section\">\n\t\t\t\t\t\t<div class=\"elementor-container elementor-column-gap-default\">\n\t\t\t\t\t\t\t<div class=\"elementor-row\">\n\t\t\t\t\t<div class=\"aux-parallax-section elementor-column elementor-col-100 elementor-top-column elementor-element elementor-element-29d5f09\" data-id=\"29d5f09\" data-element_type=\"column\">\n\t\t\t<div class=\"elementor-column-wrap elementor-element-populated\">\n\t\t\t\t\t\t\t<div class=\"elementor-widget-wrap\">\n\t\t\t\t\t\t<section class=\"elementor-section elementor-inner-section elementor-element elementor-element-64e7881 elementor-section-boxed elementor-section-height-default elementor-section-height-default\" data-id=\"64e7881\" data-element_type=\"section\">\n\t\t\t\t\t\t<div class=\"elementor-container elementor-column-gap-default\">\n\t\t\t\t\t\t\t<div class=\"elementor-row\">\n\t\t\t\t\t<div class=\"aux-parallax-section elementor-column elementor-col-100 elementor-inner-column elementor-element elementor-element-963e8fb\" data-id=\"963e8fb\" data-element_type=\"column\">\n\t\t\t<div class=\"elementor-column-wrap elementor-element-populated\">\n\t\t\t\t\t\t\t<div class=\"elementor-widget-wrap\">\n\t\t\t\t\t\t<div class=\"elementor-element elementor-element-b50130c aux-appear-watch-animation aux-fade-in-up elementor-widget elementor-widget-aux_modern_heading\" data-id=\"b50130c\" data-element_type=\"widget\" data-widget_type=\"aux_modern_heading.default\">\n\t\t\t\t<div class=\"elementor-widget-container\">\n\t\t\t<section class=\"aux-widget-modern-heading\">\n            <div class=\"aux-widget-inner\"><h1 class=\"aux-modern-heading-primary\">DIE GERMAN MACHINE TOOL GROUP \u2013 FOKUS AUF IHREN ERFOLG<\/h1><h3 class=\"aux-modern-heading-secondary\"><span class=\"aux-head-highlight\">Werkzeugmaschinen<\/span><\/h3><div class=\"aux-modern-heading-divider\"><\/div><\/div>\n        <\/section>\t\t<\/div>\n\t\t\t\t<\/div>\n\t\t\t\t<div class=\"elementor-element elementor-element-7259df5 elementor-widget elementor-widget-image\" data-id=\"7259df5\" data-element_type=\"widget\" data-widget_type=\"image.default\">\n\t\t\t\t<div class=\"elementor-widget-container\">\n\t\t\t\t\t<div class=\"elementor-image\">\n\t\t\t\t\t\t\t\t\t\t<img width=\"1000\" height=\"481\" src=\"https:\/\/ando-gloss.com\/wp-content\/uploads\/2022\/04\/gmtg-maschinenbau-edel-depo-maschinen.png\" class=\"attachment-large size-large\" alt=\"\" decoding=\"async\" loading=\"lazy\" \/>\t\t\t\t\t\t\t\t\t\t\t<\/div>\n\t\t\t\t<\/div>\n\t\t\t\t<\/div>\n\t\t\t\t<div class=\"elementor-element elementor-element-69e3206 elementor-widget elementor-widget-text-editor\" data-id=\"69e3206\" data-element_type=\"widget\" data-widget_type=\"text-editor.default\">\n\t\t\t\t<div class=\"elementor-widget-container\">\n\t\t\t\t\t<div class=\"elementor-text-editor elementor-clearfix\"><p>ANDO GLOSS GmbH ist offizieller H\u00e4ndler des Konzerns \u201eGerman Machine Tool Group (GMTG)\u201c der Zusammenschluss der beiden deutschen familiengef\u00fchrten Maschinenbauunternehmen EDEL Werkzeugmaschinen und DEPO Werkzeugmaschinen mit dem Schwerpunkt auf Fr\u00e4s-und CNC-Werkzeugmaschinen.<\/p><p>Hochproduktive <strong>vertikale und horizontale<\/strong> sowie universale 3, bzw. 5-Achs-Bearbeitungszentren f\u00fcr die Herstellung komplexer und filigraner Bauteilstrukturen bis hin zur Schwerzerspanung hochfester Werkstoffe sind nun aus einer Hand erh\u00e4ltlich. Der <strong>modular gestaltete Maschinenaufbau<\/strong> bietet gr\u00f6\u00dfte Flexibilit\u00e4t in der individuellen Konfiguration.<\/p><p>Das Bereitstellen qualitativ hochwertigen Werkzeugmaschinen ist nur eines der Aufgabenkreise, die wir f\u00fcr unsere Mitglieder erf\u00fcllen. Wir unterst\u00fctzen unsere Kunden in enger partnerschaftlicher Zusammenarbeit, um wirtschaftliche Problemstellungen zu l\u00f6sen. Hierf\u00fcr bieten wir verschiedene L\u00f6sungen an, um Ihnen Projektrealisierungen basierend auf wirtschaftlichen Rahmenbedingungen zu vereinfachen.<\/p><\/div>\n\t\t\t\t<\/div>\n\t\t\t\t<\/div>\n\t\t\t\t<div class=\"elementor-element elementor-element-cbd41f4 elementor-widget elementor-widget-image-gallery\" data-id=\"cbd41f4\" data-element_type=\"widget\" data-widget_type=\"image-gallery.default\">\n\t\t\t\t<div class=\"elementor-widget-container\">\n\t\t\t\t\t<div class=\"elementor-image-gallery\">\n\t\t\t\n\t\t<style type=\"text\/css\">\n\t\t\t#gallery-1 {\n\t\t\t\tmargin: auto;\n\t\t\t}\n\t\t\t#gallery-1 .gallery-item {\n\t\t\t\tfloat: left;\n\t\t\t\tmargin-top: 10px;\n\t\t\t\ttext-align: center;\n\t\t\t\twidth: 25%;\n\t\t\t}\n\t\t\t#gallery-1 img {\n\t\t\t\tborder: 2px solid #cfcfcf;\n\t\t\t}\n\t\t\t#gallery-1 .gallery-caption {\n\t\t\t\tmargin-left: 0;\n\t\t\t}\n\t\t\t\/* see gallery_shortcode() in wp-includes\/media.php *\/\n\t\t<\/style>\n\t\t<div id='gallery-1' class='gallery galleryid-386 gallery-columns-4 gallery-size-full'><dl class='gallery-item'>\n\t\t\t<dt class='gallery-icon landscape'>\n\t\t\t\t<a data-elementor-open-lightbox=\"yes\" data-elementor-lightbox-slideshow=\"cbd41f4\" data-elementor-lightbox-title=\"Industrieanlagen Foto (Page 1)\" href='https:\/\/ando-gloss.com\/wp-content\/uploads\/2021\/09\/Industrieanlagen-Foto-Page-1.jpg'><img width=\"2048\" height=\"1152\" src=\"https:\/\/ando-gloss.com\/wp-content\/uploads\/2021\/09\/Industrieanlagen-Foto-Page-1.jpg\" class=\"attachment-full size-full\" alt=\"\" decoding=\"async\" loading=\"lazy\" srcset=\"https:\/\/ando-gloss.com\/wp-content\/uploads\/2021\/09\/Industrieanlagen-Foto-Page-1.jpg 2048w, https:\/\/ando-gloss.com\/wp-content\/uploads\/2021\/09\/Industrieanlagen-Foto-Page-1-1536x864.jpg 1536w\" sizes=\"(max-width: 2048px) 100vw, 2048px\" \/><\/a>\n\t\t\t<\/dt><\/dl><dl class='gallery-item'>\n\t\t\t<dt class='gallery-icon landscape'>\n\t\t\t\t<a data-elementor-open-lightbox=\"yes\" data-elementor-lightbox-slideshow=\"cbd41f4\" data-elementor-lightbox-title=\"Industrieanlagen Foto (Page 2)\" href='https:\/\/ando-gloss.com\/wp-content\/uploads\/2021\/09\/Industrieanlagen-Foto-Page-2.jpg'><img width=\"2048\" height=\"1152\" src=\"https:\/\/ando-gloss.com\/wp-content\/uploads\/2021\/09\/Industrieanlagen-Foto-Page-2.jpg\" class=\"attachment-full size-full\" alt=\"\" decoding=\"async\" loading=\"lazy\" srcset=\"https:\/\/ando-gloss.com\/wp-content\/uploads\/2021\/09\/Industrieanlagen-Foto-Page-2.jpg 2048w, https:\/\/ando-gloss.com\/wp-content\/uploads\/2021\/09\/Industrieanlagen-Foto-Page-2-1536x864.jpg 1536w\" sizes=\"(max-width: 2048px) 100vw, 2048px\" \/><\/a>\n\t\t\t<\/dt><\/dl><dl class='gallery-item'>\n\t\t\t<dt class='gallery-icon landscape'>\n\t\t\t\t<a data-elementor-open-lightbox=\"yes\" data-elementor-lightbox-slideshow=\"cbd41f4\" data-elementor-lightbox-title=\"Industrieanlagen Foto (Page 3)\" href='https:\/\/ando-gloss.com\/wp-content\/uploads\/2021\/09\/Industrieanlagen-Foto-Page-3.jpg'><img width=\"2048\" height=\"1152\" src=\"https:\/\/ando-gloss.com\/wp-content\/uploads\/2021\/09\/Industrieanlagen-Foto-Page-3.jpg\" class=\"attachment-full size-full\" alt=\"\" decoding=\"async\" loading=\"lazy\" srcset=\"https:\/\/ando-gloss.com\/wp-content\/uploads\/2021\/09\/Industrieanlagen-Foto-Page-3.jpg 2048w, https:\/\/ando-gloss.com\/wp-content\/uploads\/2021\/09\/Industrieanlagen-Foto-Page-3-1536x864.jpg 1536w\" sizes=\"(max-width: 2048px) 100vw, 2048px\" \/><\/a>\n\t\t\t<\/dt><\/dl><dl class='gallery-item'>\n\t\t\t<dt class='gallery-icon landscape'>\n\t\t\t\t<a data-elementor-open-lightbox=\"yes\" data-elementor-lightbox-slideshow=\"cbd41f4\" data-elementor-lightbox-title=\"Industrieanlagen Foto (Page 4)\" href='https:\/\/ando-gloss.com\/wp-content\/uploads\/2021\/09\/Industrieanlagen-Foto-Page-4.jpg'><img width=\"2048\" height=\"1152\" src=\"https:\/\/ando-gloss.com\/wp-content\/uploads\/2021\/09\/Industrieanlagen-Foto-Page-4.jpg\" class=\"attachment-full size-full\" alt=\"\" decoding=\"async\" loading=\"lazy\" srcset=\"https:\/\/ando-gloss.com\/wp-content\/uploads\/2021\/09\/Industrieanlagen-Foto-Page-4.jpg 2048w, https:\/\/ando-gloss.com\/wp-content\/uploads\/2021\/09\/Industrieanlagen-Foto-Page-4-1536x864.jpg 1536w\" sizes=\"(max-width: 2048px) 100vw, 2048px\" \/><\/a>\n\t\t\t<\/dt><\/dl><br style=\"clear: both\" \/>\n\t\t<\/div>\n\t\t<\/div>\n\t\t\t\t<\/div>\n\t\t\t\t<\/div>\n\t\t\t\t\t\t<\/div>\n\t\t\t\t\t<\/div>\n\t\t<\/div>\n\t\t\t\t\t\t\t\t<\/div>\n\t\t\t\t\t<\/div>\n\t\t<\/section>\n\t\t\t\t\t\t<\/div>\n\t\t\t\t\t<\/div>\n\t\t<\/div>\n\t\t\t\t\t\t\t\t<\/div>\n\t\t\t\t\t<\/div>\n\t\t<\/section>\n\t\t\t\t\t\t<\/div>\n\t\t\t\t\t\t<\/div>\n\t\t\t\t\t<\/div>\n\t\t","protected":false},"excerpt":{"rendered":"<p>DIE GERMAN MACHINE TOOL GROUP \u2013 FOKUS AUF IHREN ERFOLG Werkzeugmaschinen ANDO GLOSS GmbH ist offizieller H\u00e4ndler des Konzerns \u201eGerman Machine Tool Group (GMTG)\u201c der Zusammenschluss der beiden deutschen familiengef\u00fchrten Maschinenbauunternehmen EDEL Werkzeugmaschinen und DEPO Werkzeugmaschinen mit dem Schwerpunkt auf Fr\u00e4s-und CNC-Werkzeugmaschinen. Hochproduktive vertikale und horizontale sowie universale 3, bzw. 5-Achs-Bearbeitungszentren f\u00fcr die Herstellung komplexer [&hellip;]<\/p>\n","protected":false},"author":1,"featured_media":0,"parent":0,"menu_order":0,"comment_status":"closed","ping_status":"closed","template":"","meta":[],"_links":{"self":[{"href":"https:\/\/ando-gloss.com\/index.php?rest_route=\/wp\/v2\/pages\/386"}],"collection":[{"href":"https:\/\/ando-gloss.com\/index.php?rest_route=\/wp\/v2\/pages"}],"about":[{"href":"https:\/\/ando-gloss.com\/index.php?rest_route=\/wp\/v2\/types\/page"}],"author":[{"embeddable":true,"href":"https:\/\/ando-gloss.com\/index.php?rest_route=\/wp\/v2\/users\/1"}],"replies":[{"embeddable":true,"href":"https:\/\/ando-gloss.com\/index.php?rest_route=%2Fwp%2Fv2%2Fcomments&post=386"}],"version-history":[{"count":28,"href":"https:\/\/ando-gloss.com\/index.php?rest_route=\/wp\/v2\/pages\/386\/revisions"}],"predecessor-version":[{"id":675,"href":"https:\/\/ando-gloss.com\/index.php?rest_route=\/wp\/v2\/pages\/386\/revisions\/675"}],"wp:attachment":[{"href":"https:\/\/ando-gloss.com\/index.php?rest_route=%2Fwp%2Fv2%2Fmedia&parent=386"}],"curies":[{"name":"wp","href":"https:\/\/api.w.org\/{rel}","templated":true}]}}